{"id":196,"date":"2025-12-01T18:47:16","date_gmt":"2025-12-01T17:47:16","guid":{"rendered":"https:\/\/www.ilbalivo.com\/privacy-policy\/"},"modified":"2025-12-01T20:30:06","modified_gmt":"2025-12-01T19:30:06","slug":"privacy-policy","status":"publish","type":"page","link":"https:\/\/www.ilbalivo.com\/fr\/privacy-policy\/","title":{"rendered":"Privacy Policy"},"content":{"rendered":"\t\t<div data-elementor-type=\"wp-page\" data-elementor-id=\"196\" class=\"elementor elementor-196 elementor-3\" data-elementor-post-type=\"page\">\n\t\t\t\t<div class=\"elementor-element elementor-element-682ba32 e-flex e-con-boxed e-con e-parent\" data-id=\"682ba32\" data-element_type=\"container\" data-e-type=\"container\" data-settings=\"{&quot;background_background&quot;:&quot;gradient&quot;}\">\n\t\t\t\t\t<div class=\"e-con-inner\">\n\t\t\t\t\t<\/div>\n\t\t\t\t<\/div>\n\t\t<div class=\"elementor-element elementor-element-74b9a8b5 e-flex e-con-boxed e-con e-parent\" data-id=\"74b9a8b5\" data-element_type=\"container\" data-e-type=\"container\">\n\t\t\t\t\t<div class=\"e-con-inner\">\n\t\t\t\t<div class=\"elementor-element elementor-element-606d380 elementor-widget elementor-widget-text-editor\" data-id=\"606d380\" data-element_type=\"widget\" data-e-type=\"widget\" data-widget_type=\"text-editor.default\">\n\t\t\t\t\t\t\t\t\t<p>Derni\u00e8re mise \u00e0 jour : 27 juillet 2025<\/p><p>La pr\u00e9sente notice d&rsquo;information est fournie conform\u00e9ment \u00e0 l&rsquo;article 13 du R\u00e8glement (UE) 2016\/679 (\u00ab RGPD \u00bb) et concerne le traitement des donn\u00e9es personnelles effectu\u00e9 via le site web ilbalivo.com, propri\u00e9t\u00e9 de :<\/p><p>Planet Service S.r.l.<\/p><p>N\u00b0 de TVA : IT00614860070<\/p><p>Adresse \u00e9lectronique : ilbalivo@tako.it<\/p><p>1. Responsable du traitement<\/p><p>Le responsable du traitement est Planet Service S.r.l., joignable \u00e0 l&rsquo;adresse \u00e9lectronique suivante : ilbalivo@tako.it<\/p><p>2. Types de donn\u00e9es collect\u00e9es<\/p><p>a. Donn\u00e9es de navigation<\/p><p>Les syst\u00e8mes informatiques et les proc\u00e9dures logicielles utilis\u00e9s pour le fonctionnement de ce site web acqui\u00e8rent, lors de leur fonctionnement normal, certaines donn\u00e9es personnelles dont la transmission est inh\u00e9rente \u00e0 l&rsquo;utilisation des protocoles de communication Internet.<\/p><p>Ces donn\u00e9es comprennent : les adresses IP, le type de navigateur, le syst\u00e8me d&rsquo;exploitation, le nom de domaine, les heures d&rsquo;acc\u00e8s et l&rsquo;URL de provenance.<\/p><p>Ces donn\u00e9es sont utilis\u00e9es exclusivement pour obtenir des informations statistiques anonymes sur l&rsquo;utilisation du site et pour en assurer le bon fonctionnement.<\/p><p>b. Donn\u00e9es fournies volontairement via le formulaire de contact<\/p><p>L&rsquo;envoi facultatif, explicite et volontaire de messages aux adresses de contact, ainsi que le remplissage du formulaire de contact, entra\u00eenent l&rsquo;acquisition des donn\u00e9es personnelles de l&rsquo;exp\u00e9diteur (nom, pr\u00e9nom, adresse \u00e9lectronique, num\u00e9ro de t\u00e9l\u00e9phone (le cas \u00e9ch\u00e9ant) et contenu du message).<\/p><p>c. Contact par t\u00e9l\u00e9phone ou par courriel<\/p><p>En cas de contact par t\u00e9l\u00e9phone ou par courriel, les donn\u00e9es personnelles n\u00e9cessaires \u00e0 la gestion des demandes de l&rsquo;utilisateur peuvent \u00eatre collect\u00e9es (par exemple, nom, num\u00e9ro de t\u00e9l\u00e9phone, objet de la demande).<\/p><p>3. Finalit\u00e9 et base juridique du traitement<\/p><p>Les donn\u00e9es collect\u00e9es sont trait\u00e9es aux fins suivantes\u00a0:<\/p><p>R\u00e9ponse aux demandes de contact (base juridique\u00a0: art. 6, paragraphe 1, point b) \u2013 mise en \u0153uvre de mesures pr\u00e9contractuelles ou contractuelles)<\/p><p>Surveillance du bon fonctionnement du site web (base juridique\u00a0: int\u00e9r\u00eat l\u00e9gitime du responsable du traitement)<\/p><p>Analyse statistique anonyme du trafic web via Matomo (base juridique\u00a0: consentement, le cas \u00e9ch\u00e9ant)<\/p><p>4. Cookies et Matomo<\/p><p>Ce site web utilise Matomo, une plateforme d\u2019analyse web open source, install\u00e9e en mode auto-h\u00e9berg\u00e9 et configur\u00e9e pour respecter la vie priv\u00e9e. Les donn\u00e9es collect\u00e9es ne sont pas transmises \u00e0 des tiers.<\/p><p>Matomo est configur\u00e9 pour anonymiser les adresses IP et ne pas utiliser de cookies d\u2019identification, sauf consentement explicite (lorsque cette option est activ\u00e9e).<\/p><p>Pour plus d\u2019informations, consultez\u00a0: https:\/\/matomo.org\/privacy-policy\/<\/p><p>5. Modalit\u00e9s de traitement<\/p><p>Les donn\u00e9es personnelles sont trait\u00e9es \u00e0 l\u2019aide d\u2019outils automatis\u00e9s et\/ou manuels pendant la dur\u00e9e strictement n\u00e9cessaire \u00e0 la r\u00e9alisation des finalit\u00e9s pour lesquelles elles ont \u00e9t\u00e9 collect\u00e9es.<\/p><p>Des mesures de s\u00e9curit\u00e9 techniques et organisationnelles ad\u00e9quates sont mises en \u0153uvre pour prot\u00e9ger les donn\u00e9es.<\/p><p>6. Conservation des donn\u00e9es<\/p><p>Les donn\u00e9es soumises via des formulaires ou par contact direct sont conserv\u00e9es pendant la dur\u00e9e n\u00e9cessaire au traitement de la demande, et en tout \u00e9tat de cause pendant une dur\u00e9e maximale de 12 mois, sauf disposition l\u00e9gale contraire.<\/p><p>7. Droits de la personne concern\u00e9e<\/p><p>La personne concern\u00e9e dispose des droits suivants\u00a0:<\/p><p>acc\u00e9der \u00e0 ses donn\u00e9es\u00a0;<\/p><p>demander leur rectification ou leur effacement\u00a0;<\/p><p>s\u2019opposer au traitement ou en demander la limitation\u00a0;<\/p><p>recevoir ses donn\u00e9es dans un format structur\u00e9 (portabilit\u00e9)\u00a0;<\/p><p>introduire une r\u00e9clamation aupr\u00e8s de l\u2019Autorit\u00e9 italienne de protection des donn\u00e9es (www.garanteprivacy.it).<\/p><p>Pour exercer vos droits, veuillez \u00e9crire \u00e0 ilbalivo@tako.it.<\/p><p>8. Communication et transfert des donn\u00e9es<\/p><p>Les donn\u00e9es ne seront ni divulgu\u00e9es ni transf\u00e9r\u00e9es vers des pays tiers. Elles pourront \u00eatre trait\u00e9es par des tiers uniquement en tant que sous-traitants externes d\u00fbment mandat\u00e9s (par exemple, h\u00e9bergeurs, consultants techniques).<\/p><p>9. Fourniture de donn\u00e9es obligatoires<\/p><p>La fourniture de donn\u00e9es est facultative, mais si vous ne les fournissez pas dans les formulaires de contact, vous risquez de ne pas recevoir de r\u00e9ponse.<\/p>\t\t\t\t\t\t\t\t<\/div>\n\t\t\t\t\t<\/div>\n\t\t\t\t<\/div>\n\t\t\t\t<\/div>\n\t\t","protected":false},"excerpt":{"rendered":"<p>Derni\u00e8re mise \u00e0 jour : 27 juillet 2025 La pr\u00e9sente notice d&rsquo;information est fournie conform\u00e9ment \u00e0 l&rsquo;article 13 du R\u00e8glement (UE) 2016\/679 (\u00ab RGPD \u00bb) et concerne le traitement des donn\u00e9es personnelles effectu\u00e9 via le site web ilbalivo.com, propri\u00e9t\u00e9 de : Planet Service S.r.l. N\u00b0 de TVA : IT00614860070 Adresse \u00e9lectronique : ilbalivo@tako.it 1. Responsable [&hellip;]<\/p>\n","protected":false},"author":1,"featured_media":0,"parent":0,"menu_order":0,"comment_status":"closed","ping_status":"closed","template":"","meta":{"footnotes":""},"class_list":["post-196","page","type-page","status-publish","hentry"],"aioseo_notices":[],"_links":{"self":[{"href":"https:\/\/www.ilbalivo.com\/fr\/wp-json\/wp\/v2\/pages\/196","targetHints":{"allow":["GET"]}}],"collection":[{"href":"https:\/\/www.ilbalivo.com\/fr\/wp-json\/wp\/v2\/pages"}],"about":[{"href":"https:\/\/www.ilbalivo.com\/fr\/wp-json\/wp\/v2\/types\/page"}],"author":[{"embeddable":true,"href":"https:\/\/www.ilbalivo.com\/fr\/wp-json\/wp\/v2\/users\/1"}],"replies":[{"embeddable":true,"href":"https:\/\/www.ilbalivo.com\/fr\/wp-json\/wp\/v2\/comments?post=196"}],"version-history":[{"count":1,"href":"https:\/\/www.ilbalivo.com\/fr\/wp-json\/wp\/v2\/pages\/196\/revisions"}],"predecessor-version":[{"id":257,"href":"https:\/\/www.ilbalivo.com\/fr\/wp-json\/wp\/v2\/pages\/196\/revisions\/257"}],"wp:attachment":[{"href":"https:\/\/www.ilbalivo.com\/fr\/wp-json\/wp\/v2\/media?parent=196"}],"curies":[{"name":"wp","href":"https:\/\/api.w.org\/{rel}","templated":true}]}}